{"id":305,"date":"2025-06-16T02:55:38","date_gmt":"2025-06-16T02:55:38","guid":{"rendered":"https:\/\/easylab.co.id\/?post_type=product&#038;p=305"},"modified":"2025-06-16T02:58:17","modified_gmt":"2025-06-16T02:58:17","slug":"18l-steam-sterilizer-small-medical-autoclave-portable-autoclave-2","status":"publish","type":"product","link":"https:\/\/easylab.co.id\/ja\/product\/18l-steam-sterilizer-small-medical-autoclave-portable-autoclave-2\/","title":{"rendered":"18L Steam Sterilizer Small Medical Autoclave Portable Autoclave"},"content":{"rendered":"<p style=\"font-weight: 400;\"><strong>Product Description<\/strong><\/p>\n<p style=\"font-weight: 400;\">Microcomputer automatic control<\/p>\n<p style=\"font-weight: 400;\"><strong>Electric Heating Type Autoclave<\/strong><\/p>\n<p style=\"font-weight: 400;\">Highlight Nixie tube display<\/p>\n<p style=\"font-weight: 400;\">Electric heating mode<\/p>\n<p style=\"font-weight: 400;\">Automatic control of sterilization process<\/p>\n<p style=\"font-weight: 400;\">SUS304 material<\/p>\n<p style=\"font-weight: 400;\">Water level safety float<\/p>\n<p style=\"font-weight: 400;\">Self-expanding sealing ring are used for the inner tank<\/p>\n<p style=\"font-weight: 400;\"><strong>Product Details<\/strong><\/p>\n<table width=\"100%\">\n<tbody>\n<tr>\n<td width=\"226\">Model<\/td>\n<td width=\"137\">YXQ-LS-18SII<\/td>\n<\/tr>\n<tr>\n<td>Volume [L]<\/td>\n<td>18<\/td>\n<\/tr>\n<tr>\n<td>Power [kW]<\/td>\n<td>2<\/td>\n<\/tr>\n<tr>\n<td>Power Supply [V, Hz]<\/td>\n<td>220\u00b110%, 50\u00b12%<\/td>\n<\/tr>\n<tr>\n<td>Max. Working \/ Design Temp. [\u00b0C]<\/td>\n<td>126 \/ 128<\/td>\n<\/tr>\n<tr>\n<td>Max. Working \/ Design Pressure [MPa]<\/td>\n<td>0.142 \/ 0.165<\/td>\n<\/tr>\n<tr>\n<td>Temperature Resolution [\u2103]<\/td>\n<td>0.1<\/td>\n<\/tr>\n<tr>\n<td width=\"226\">Timer Range [min]<\/td>\n<td>0~999<\/td>\n<\/tr>\n<tr>\n<td>Internal Dimensions [mm]<\/td>\n<td>\u00d8300\u00d7330<\/td>\n<\/tr>\n<tr>\n<td>Housing Dimensions [mm]<\/td>\n<td>\u00d8325\u00d7555<\/td>\n<\/tr>\n<tr>\n<td>Basket Dimensions [mm]<\/td>\n<td>&#8211;<\/td>\n<\/tr>\n<tr>\n<td>Number of Baskets [pc]<\/td>\n<td>&#8211;<\/td>\n<\/tr>\n<tr>\n<td>Net Weight [kg]<\/td>\n<td>14<\/td>\n<\/tr>\n<tr>\n<td>Gross Weight [kg]<\/td>\n<td>16<\/td>\n<\/tr>\n<tr>\n<td>Package Size [mm]<\/td>\n<td>420*450*560<\/td>\n<\/tr>\n<\/tbody>\n<\/table>\n<p style=\"font-weight: 400;\"><strong>Product Display<\/strong><strong>\u00a0\u00a0<\/strong><\/p>\n<p style=\"font-weight: 400;\"><img decoding=\"async\" src=\"https:\/\/www.boxunmedbio.com\/storage\/uploads\/images\/202308\/08\/1691480310_l8nLwSxgN4.jpg\" alt=\"126\u2103 Electric Heating Vertical Sterilizer\" \/><\/p>\n<p><img decoding=\"async\" src=\"https:\/\/www.boxunmedbio.com\/storage\/uploads\/images\/202308\/08\/1691480344_RcUvFp1aXB.jpg\" alt=\"1111\" \/><\/p>\n<p style=\"font-weight: 400;\"><strong>Packaging &amp; Shipping\u00a0<\/strong><\/p>\n<p style=\"font-weight: 400;\"><strong>Packaging Details\u00a0<\/strong><\/p>\n<p style=\"font-weight: 400;\">1.Standard exporting package.<\/p>\n<p style=\"font-weight: 400;\">2.Cartons packaged with wooden pallet.<\/p>\n<p style=\"font-weight: 400;\">3.As so customized specifications such as logo or others.<\/p>\n<p style=\"font-weight: 400;\"><strong>Delivery Time<\/strong><\/p>\n<p style=\"font-weight: 400;\">20 days<\/p>\n","protected":false},"excerpt":{"rendered":"<p>Product Description Microcomputer automatic control Electric Heating Type Autoclave Highlight Nixie tube display Electric heating mode Automatic control of sterilization process SUS304 material Water level safety float Self-expanding sealing ring are used for the inner tank Product Details Model YXQ-LS-18SII Volume [L] 18 Power [kW] 2 Power Supply [V, Hz] 220\u00b110%, 50\u00b12% Max. Working \/ Design Temp. [\u00b0C] 126 \/ 128 Max. Working \/ Design Pressure [MPa] 0.142 \/ 0.165 Temperature Resolution [\u2103] 0.1 Timer Range [min] 0~999 Internal Dimensions [mm] \u00d8300\u00d7330 Housing Dimensions [mm] \u00d8325\u00d7555 Basket Dimensions [mm] &#8211; Number of Baskets [pc] &#8211; Net Weight [kg] 14 Gross Weight [kg] 16 Package Size [mm] 420*450*560 Product Display\u00a0\u00a0 Packaging [&hellip;]<\/p>\n","protected":false},"featured_media":299,"comment_status":"open","ping_status":"closed","template":"","meta":[],"product_brand":[22],"product_cat":[19],"product_tag":[],"class_list":{"0":"post-305","1":"product","2":"type-product","3":"status-publish","4":"has-post-thumbnail","6":"product_brand-boxun","7":"product_cat-boxun","9":"first","10":"instock","11":"shipping-taxable","12":"product-type-simple"},"_links":{"self":[{"href":"https:\/\/easylab.co.id\/ja\/wp-json\/wp\/v2\/product\/305","targetHints":{"allow":["GET"]}}],"collection":[{"href":"https:\/\/easylab.co.id\/ja\/wp-json\/wp\/v2\/product"}],"about":[{"href":"https:\/\/easylab.co.id\/ja\/wp-json\/wp\/v2\/types\/product"}],"replies":[{"embeddable":true,"href":"https:\/\/easylab.co.id\/ja\/wp-json\/wp\/v2\/comments?post=305"}],"wp:featuredmedia":[{"embeddable":true,"href":"https:\/\/easylab.co.id\/ja\/wp-json\/wp\/v2\/media\/299"}],"wp:attachment":[{"href":"https:\/\/easylab.co.id\/ja\/wp-json\/wp\/v2\/media?parent=305"}],"wp:term":[{"taxonomy":"product_brand","embeddable":true,"href":"https:\/\/easylab.co.id\/ja\/wp-json\/wp\/v2\/product_brand?post=305"},{"taxonomy":"product_cat","embeddable":true,"href":"https:\/\/easylab.co.id\/ja\/wp-json\/wp\/v2\/product_cat?post=305"},{"taxonomy":"product_tag","embeddable":true,"href":"https:\/\/easylab.co.id\/ja\/wp-json\/wp\/v2\/product_tag?post=305"}],"curies":[{"name":"wp","href":"https:\/\/api.w.org\/{rel}","templated":true}]}}